{"id":205,"date":"2020-08-15T07:53:58","date_gmt":"2020-08-15T07:53:58","guid":{"rendered":"http:\/\/rainbowit.net\/themes\/trydo\/?page_id=205"},"modified":"2026-04-03T00:48:09","modified_gmt":"2026-04-03T00:48:09","slug":"contact","status":"publish","type":"page","link":"https:\/\/indi.ci\/index.php\/contact\/","title":{"rendered":"Contact"},"content":{"rendered":"\t\t<div data-elementor-type=\"wp-page\" data-elementor-id=\"205\" class=\"elementor elementor-205\">\n\t\t\t\t\t\t<section class=\"elementor-section elementor-top-section elementor-element elementor-element-497d5ed elementor-section-full_width elementor-section-height-default elementor-section-height-default\" data-id=\"497d5ed\" data-element_type=\"section\" data-e-type=\"section\">\n\t\t\t\t\t\t<div class=\"elementor-container elementor-column-gap-no\">\n\t\t\t\t\t<div class=\"elementor-column elementor-col-100 elementor-top-column elementor-element elementor-element-553d3d0\" data-id=\"553d3d0\" data-element_type=\"column\" data-e-type=\"column\">\n\t\t\t<div class=\"elementor-widget-wrap elementor-element-populated\">\n\t\t\t\t\t\t<div class=\"elementor-element elementor-element-a9a2df6 contact-us-today elementor-widget elementor-widget-trydo-main-services\" data-id=\"a9a2df6\" data-element_type=\"widget\" data-e-type=\"widget\" data-widget_type=\"trydo-main-services.default\">\n\t\t\t\t<div class=\"elementor-widget-container\">\n\t\t\t\t\t        <!-- Start Service Area  -->\r\n        <div class=\"rn-service-area rn-section-gap bg_color--1 service-area--5\">\r\n            <div class=\"container\">\r\n                                    <div class=\"row\">\r\n                        <div class=\"col-lg-12 mb--20 mb_sm--0\">\r\n                            <div class=\"section-title section-title--2 text-center\">\r\n                                                            <span class=\"sub-title\">Contact<\/span>\r\n                        <h3 class=\"title rbt-section-title\"><span>On en parle autour d'un caf\u00e9 ?<\/span><\/h3>                            <p>Que ce soit pour la cr\u00e9ation d'un logo, le d\u00e9veloppement de votre site web, une application mobile ou une strat\u00e9gie sur les r\u00e9seaux sociaux, notre \u00e9quipe est pr\u00eate \u00e0 vous accompagner.<\/p>\r\n                    \r\n                                                            <\/div>\r\n                        <\/div>\r\n                    <\/div>\r\n                                                    <div class=\"row \">\r\n                                                    <div class=\"service-item mt--30 col-lg-4 col-md-4 col-sm-6 col-12 elementor-repeater-item-ce062f3\">\r\n                                                                <div class=\"single-service service__style--5 bg-color-gray \">\r\n\r\n                                                                    <div class=\"service\">\r\n                                                                                                                                    <div class=\"icon\">\r\n                                                    <i aria-hidden=\"true\" class=\"rbt feather-phone-call\"><\/i>                                                <\/div>\r\n                                                                                                                                                                        <div class=\"content\">\r\n                                                                                                    <h3 class=\"title\">Appelez-nous<\/h3>                                                                                                                                                    <p><a href=\"tel:+225 01 51 92 96 96\">PS: +225 01 51 92 96 96<\/a>\n<a>HO: +225 07 58 53 93 47<\/a><\/p>\r\n                                                \r\n\r\n\r\n                                            <\/div>\r\n                                                                            <\/div>\r\n                                                            <\/div>\r\n                            <\/div>\r\n                                                    <div class=\"service-item mt--30 col-lg-4 col-md-4 col-sm-6 col-12 elementor-repeater-item-eee58ae\">\r\n                                                                <div class=\"single-service service__style--5 bg-color-gray \">\r\n\r\n                                                                    <div class=\"service\">\r\n                                                                                                                                    <div class=\"icon\">\r\n                                                    <i aria-hidden=\"true\" class=\"rbt feather-mail\"><\/i>                                                <\/div>\r\n                                                                                                                                                                        <div class=\"content\">\r\n                                                                                                    <h3 class=\"title\">Ecrivez-nous<\/h3>                                                                                                                                                    <p> <a href=\"mailto:indi.infos@gmail.com\">MR: indi.infos@gmail.com<\/a>\n       <a href=\"info@indi.ci\">HR: info@indi.ci<\/a><\/p>\r\n                                                \r\n\r\n\r\n                                            <\/div>\r\n                                                                            <\/div>\r\n                                                            <\/div>\r\n                            <\/div>\r\n                                                    <div class=\"service-item mt--30 col-lg-4 col-md-4 col-sm-6 col-12 elementor-repeater-item-de05278\">\r\n                                                                <div class=\"single-service service__style--5 bg-color-gray \">\r\n\r\n                                                                    <div class=\"service\">\r\n                                                                                                                                    <div class=\"icon\">\r\n                                                    <i aria-hidden=\"true\" class=\"rbt feather-map-pin\"><\/i>                                                <\/div>\r\n                                                                                                                                                                        <div class=\"content\">\r\n                                                                                                    <h3 class=\"title\">Localisation \ud83d\udccd<\/h3>                                                                                                                                                    <p>Abidjan.<br>\nBingerville<\/p>\r\n                                                \r\n\r\n\r\n                                            <\/div>\r\n                                                                            <\/div>\r\n                                                            <\/div>\r\n                            <\/div>\r\n                                            <\/div>\r\n                            <\/div>\r\n        <\/div>\r\n        <!-- Start Service Area  -->\r\n        \t\t\t\t<\/div>\n\t\t\t\t<\/div>\n\t\t\t\t\t<\/div>\n\t\t<\/div>\n\t\t\t\t\t<\/div>\n\t\t<\/section>\n\t\t\t\t<section class=\"elementor-section elementor-top-section elementor-element elementor-element-89ef9cd elementor-section-full_width elementor-section-height-default elementor-section-height-default\" data-id=\"89ef9cd\" data-element_type=\"section\" data-e-type=\"section\">\n\t\t\t\t\t\t<div class=\"elementor-container elementor-column-gap-no\">\n\t\t\t\t\t<div class=\"elementor-column elementor-col-100 elementor-top-column elementor-element elementor-element-e7ef0e7\" data-id=\"e7ef0e7\" data-element_type=\"column\" data-e-type=\"column\">\n\t\t\t<div class=\"elementor-widget-wrap elementor-element-populated\">\n\t\t\t\t\t\t<div class=\"elementor-element elementor-element-810e6bd elementor-widget elementor-widget-trydo-contact\" data-id=\"810e6bd\" data-element_type=\"widget\" data-e-type=\"widget\" data-widget_type=\"trydo-contact.default\">\n\t\t\t\t<div class=\"elementor-widget-container\">\n\t\t\t\t\t        <!-- Start Contact Area  -->\r\n        <div class=\"rn-contact-area rn-section-gap bg_color--5\">\r\n            <div class=\"contact-form--1\">\r\n                <div class=\"container\">\r\n                    <div class=\"row row--35 align-items-start\">\r\n                        <div class=\"col-lg-6 order-2 order-lg-1\">\r\n                            <div class=\"section-title text-left mb--50 mb_sm--30 mb_md--30\">\r\n                                                        <h2 class=\"title rbt-section-title\"><span>\u00c9crivez-nous \u270d\ufe0f<\/span><\/h2>                            <p>Un projet en t\u00eate ou simplement une question sur nos services digitaux ? Remplissez le formulaire ci-dessous et parlez-nous un peu de vos objectifs. Nous vous recontacterons tr\u00e8s rapidement pour planifier un premier \u00e9change !<\/p>\r\n                                                <\/div>\r\n\r\n                            <!-- Start Contact Form -->\r\n                             <div class=\"form-wrapper\"> \n<div class=\"wpcf7 no-js\" id=\"wpcf7-f212-o1\" lang=\"en-US\" dir=\"ltr\" data-wpcf7-id=\"212\">\n<div class=\"screen-reader-response\"><p role=\"status\" aria-live=\"polite\" aria-atomic=\"true\"><\/p> <ul><\/ul><\/div>\n<form action=\"\/index.php\/wp-json\/wp\/v2\/pages\/205#wpcf7-f212-o1\" method=\"post\" class=\"wpcf7-form init\" aria-label=\"Contact form\" novalidate=\"novalidate\" data-status=\"init\">\n<fieldset class=\"hidden-fields-container\"><input type=\"hidden\" name=\"_wpcf7\" value=\"212\" \/><input type=\"hidden\" name=\"_wpcf7_version\" value=\"6.1.5\" \/><input type=\"hidden\" name=\"_wpcf7_locale\" value=\"en_US\" \/><input type=\"hidden\" name=\"_wpcf7_unit_tag\" value=\"wpcf7-f212-o1\" \/><input type=\"hidden\" name=\"_wpcf7_container_post\" value=\"0\" \/><input type=\"hidden\" name=\"_wpcf7_posted_data_hash\" value=\"\" \/>\n<\/fieldset>\n<label>\n<span class=\"wpcf7-form-control-wrap\" data-name=\"your-name\"><input size=\"40\" maxlength=\"400\" class=\"wpcf7-form-control wpcf7-text wpcf7-validates-as-required\" aria-required=\"true\" aria-invalid=\"false\" placeholder=\"Your Name *\" value=\"\" type=\"text\" name=\"your-name\" \/><\/span>\n<\/label>\n\n<label>\n<span class=\"wpcf7-form-control-wrap\" data-name=\"your-email\"><input size=\"40\" maxlength=\"400\" class=\"wpcf7-form-control wpcf7-email wpcf7-validates-as-required wpcf7-text wpcf7-validates-as-email\" aria-required=\"true\" aria-invalid=\"false\" placeholder=\"Your email *\" value=\"\" type=\"email\" name=\"your-email\" \/><\/span>\n<\/label>\n\n<label>\n<span class=\"wpcf7-form-control-wrap\" data-name=\"your-subject\"><input size=\"40\" maxlength=\"400\" class=\"wpcf7-form-control wpcf7-text\" aria-invalid=\"false\" placeholder=\"Write a Subject\" value=\"\" type=\"text\" name=\"your-subject\" \/><\/span>\n<\/label>\n<label>\n<span class=\"wpcf7-form-control-wrap\" data-name=\"your-message\"><textarea cols=\"40\" rows=\"10\" maxlength=\"2000\" class=\"wpcf7-form-control wpcf7-textarea\" aria-invalid=\"false\" placeholder=\"Your Message\" name=\"your-message\"><\/textarea><\/span>\n<\/label>\n<button type=\"submit\" class=\"rn-button-style--2 btn_solid\"> <span>SEND MESSAGE<\/span> <\/button><div class=\"wpcf7-response-output\" aria-hidden=\"true\"><\/div>\n<\/form>\n<\/div>\n <\/div>                         <\/div>\r\n\r\n                                                    <div class=\"col-lg-6 order-1 order-lg-2\">\r\n                                                                    <div class=\"thumbnail mb_md--40 mb_sm--40\">\r\n                                        <img fetchpriority=\"high\" decoding=\"async\" width=\"1008\" height=\"1065\" src=\"https:\/\/indi.ci\/wp-content\/uploads\/2026\/04\/Gemini_Generated_Image_76gagc76gagc76ga.png\" class=\"elementor-animation-disable-animation attachment-full size-full wp-image-1419\" alt=\"\" srcset=\"https:\/\/indi.ci\/wp-content\/uploads\/2026\/04\/Gemini_Generated_Image_76gagc76gagc76ga.png 1008w, https:\/\/indi.ci\/wp-content\/uploads\/2026\/04\/Gemini_Generated_Image_76gagc76gagc76ga-284x300.png 284w, https:\/\/indi.ci\/wp-content\/uploads\/2026\/04\/Gemini_Generated_Image_76gagc76gagc76ga-969x1024.png 969w, https:\/\/indi.ci\/wp-content\/uploads\/2026\/04\/Gemini_Generated_Image_76gagc76gagc76ga-768x811.png 768w\" sizes=\"(max-width: 1008px) 100vw, 1008px\" \/>                                    <\/div>\r\n                                                            <\/div>\r\n                        \r\n                    <\/div>\r\n                <\/div>\r\n            <\/div>\r\n        <\/div>\r\n        <!-- End Contact Area  -->\r\n        \t\t\t\t<\/div>\n\t\t\t\t<\/div>\n\t\t\t\t\t<\/div>\n\t\t<\/div>\n\t\t\t\t\t<\/div>\n\t\t<\/section>\n\t\t\t\t<section class=\"elementor-section elementor-top-section elementor-element elementor-element-1b9099e elementor-section-full_width elementor-section-height-default elementor-section-height-default\" data-id=\"1b9099e\" data-element_type=\"section\" data-e-type=\"section\">\n\t\t\t\t\t\t<div class=\"elementor-container elementor-column-gap-no\">\n\t\t\t\t\t<div class=\"elementor-column elementor-col-100 elementor-top-column elementor-element elementor-element-b01ea8e\" data-id=\"b01ea8e\" data-element_type=\"column\" data-e-type=\"column\">\n\t\t\t<div class=\"elementor-widget-wrap elementor-element-populated\">\n\t\t\t\t\t\t<div class=\"elementor-element elementor-element-87940a5 elementor-widget elementor-widget-trydo-brand\" data-id=\"87940a5\" data-element_type=\"widget\" data-e-type=\"widget\" data-widget_type=\"trydo-brand.default\">\n\t\t\t\t<div class=\"elementor-widget-container\">\n\t\t\t\t\t\r\n        <!-- Start Brand Area -->\r\n        <div class=\"rn-brand-area bg_color--1 rn-section-gap\">\r\n            <div class=\"container\">\r\n                <div class=\"row\">\r\n                    <div class=\"col-lg-12\">\r\n                        <ul class=\"brand-style-2 \">\r\n                                                            <li>\r\n                                                                        <a href=\"#\" >\r\n                                                                                                                            <img decoding=\"async\" width=\"177\" height=\"111\" src=\"https:\/\/indi.ci\/wp-content\/uploads\/2020\/04\/brand-01.png\" class=\"attachment-full size-full\" alt=\"brand-01\" \/>                                                                                                                    <\/a>\r\n                                                                    <\/li>\r\n                                                            <li>\r\n                                                                        <a href=\"#\" >\r\n                                                                                                                            <img decoding=\"async\" width=\"144\" height=\"143\" src=\"https:\/\/indi.ci\/wp-content\/uploads\/2020\/04\/brand-02.png\" class=\"attachment-full size-full\" alt=\"brand-02\" \/>                                                                                                                    <\/a>\r\n                                                                    <\/li>\r\n                                                            <li>\r\n                                                                        <a href=\"#\" >\r\n                                                                                                                            <img loading=\"lazy\" decoding=\"async\" width=\"211\" height=\"62\" src=\"https:\/\/indi.ci\/wp-content\/uploads\/2020\/04\/brand-03.png\" class=\"attachment-full size-full\" alt=\"brand-03\" \/>                                                                                                                    <\/a>\r\n                                                                    <\/li>\r\n                                                            <li>\r\n                                                                        <a href=\"#\" >\r\n                                                                                                                            <img loading=\"lazy\" decoding=\"async\" width=\"163\" height=\"78\" src=\"https:\/\/indi.ci\/wp-content\/uploads\/2020\/04\/brand-04.png\" class=\"attachment-full size-full\" alt=\"\" \/>                                                                                                                    <\/a>\r\n                                                                    <\/li>\r\n                                                            <li>\r\n                                                                        <a href=\"#\" >\r\n                                                                                                                            <img loading=\"lazy\" decoding=\"async\" width=\"178\" height=\"121\" src=\"https:\/\/indi.ci\/wp-content\/uploads\/2020\/04\/brand-05.png\" class=\"attachment-full size-full\" alt=\"brand-05\" \/>                                                                                                                    <\/a>\r\n                                                                    <\/li>\r\n                                                            <li>\r\n                                                                        <a href=\"#\" >\r\n                                                                                                                            <img loading=\"lazy\" decoding=\"async\" width=\"211\" height=\"62\" src=\"https:\/\/indi.ci\/wp-content\/uploads\/2020\/04\/brand-03.png\" class=\"attachment-full size-full\" alt=\"brand-03\" \/>                                                                                                                    <\/a>\r\n                                                                    <\/li>\r\n                                                            <li>\r\n                                                                        <a href=\"#\" >\r\n                                                                                                                            <img loading=\"lazy\" decoding=\"async\" width=\"163\" height=\"78\" src=\"https:\/\/indi.ci\/wp-content\/uploads\/2020\/04\/brand-04.png\" class=\"attachment-full size-full\" alt=\"\" \/>                                                                                                                    <\/a>\r\n                                                                    <\/li>\r\n                                                            <li>\r\n                                                                        <a href=\"#\" >\r\n                                                                                                                            <img loading=\"lazy\" decoding=\"async\" width=\"222\" height=\"67\" src=\"https:\/\/indi.ci\/wp-content\/uploads\/2020\/04\/brand-06.png\" class=\"attachment-full size-full\" alt=\"brand-06\" \/>                                                                                                                    <\/a>\r\n                                                                    <\/li>\r\n                                                            <li>\r\n                                                                        <a href=\"#\" >\r\n                                                                                                                            <img decoding=\"async\" width=\"177\" height=\"111\" src=\"https:\/\/indi.ci\/wp-content\/uploads\/2020\/04\/brand-01.png\" class=\"attachment-full size-full\" alt=\"brand-01\" \/>                                                                                                                    <\/a>\r\n                                                                    <\/li>\r\n                                                    <\/ul>\r\n                    <\/div>\r\n                <\/div>\r\n            <\/div>\r\n        <\/div>\r\n        <!-- End Brand Area -->\r\n\r\n\r\n        \t\t\t\t<\/div>\n\t\t\t\t<\/div>\n\t\t\t\t\t<\/div>\n\t\t<\/div>\n\t\t\t\t\t<\/div>\n\t\t<\/section>\n\t\t\t\t<\/div>\n\t\t","protected":false},"excerpt":{"rendered":"<p>Contact On en parle autour d&#8217;un caf\u00e9 ? Que ce soit pour la cr\u00e9ation d&#8217;un logo, le d\u00e9veloppement de votre site web, une application mobile ou une strat\u00e9gie sur les r\u00e9seaux sociaux, notre \u00e9quipe est pr\u00eate \u00e0 vous accompagner. Appelez-nous PS: +225 01 51 92 96 96 HO: +225 07 58 53 93 47 Ecrivez-nous [&hellip;]<\/p>\n","protected":false},"author":1,"featured_media":0,"parent":0,"menu_order":0,"comment_status":"closed","ping_status":"closed","template":"elementor_header_footer","meta":{"_acf_changed":false,"footnotes":""},"class_list":["post-205","page","type-page","status-publish","hentry"],"acf":[],"aioseo_notices":[],"_links":{"self":[{"href":"https:\/\/indi.ci\/index.php\/wp-json\/wp\/v2\/pages\/205","targetHints":{"allow":["GET"]}}],"collection":[{"href":"https:\/\/indi.ci\/index.php\/wp-json\/wp\/v2\/pages"}],"about":[{"href":"https:\/\/indi.ci\/index.php\/wp-json\/wp\/v2\/types\/page"}],"author":[{"embeddable":true,"href":"https:\/\/indi.ci\/index.php\/wp-json\/wp\/v2\/users\/1"}],"replies":[{"embeddable":true,"href":"https:\/\/indi.ci\/index.php\/wp-json\/wp\/v2\/comments?post=205"}],"version-history":[{"count":7,"href":"https:\/\/indi.ci\/index.php\/wp-json\/wp\/v2\/pages\/205\/revisions"}],"predecessor-version":[{"id":1422,"href":"https:\/\/indi.ci\/index.php\/wp-json\/wp\/v2\/pages\/205\/revisions\/1422"}],"wp:attachment":[{"href":"https:\/\/indi.ci\/index.php\/wp-json\/wp\/v2\/media?parent=205"}],"curies":[{"name":"wp","href":"https:\/\/api.w.org\/{rel}","templated":true}]}}